{"id":9152,"date":"2024-02-12T16:04:10","date_gmt":"2024-02-12T15:04:10","guid":{"rendered":"https:\/\/holis-avocats.com\/legal-notices\/"},"modified":"2024-03-01T14:53:54","modified_gmt":"2024-03-01T13:53:54","slug":"legal-notices","status":"publish","type":"page","link":"https:\/\/holis-avocats.com\/en\/legal-notices\/","title":{"rendered":"Legal notices"},"content":{"rendered":"<div class=\"wpb-content-wrapper\"><p>[vc_row full_width=&#8221;stretch_row&#8221; css=&#8221;.vc_custom_1708011356330{padding-top: 25px !important;padding-bottom: 300px !important;background: #90d4eb url(https:\/\/holis-avocats.com\/wp-content\/uploads\/2024\/01\/bg-img.png?id=7737) !important;}&#8221;][vc_column][\/vc_column][\/vc_row][vc_row equal_height=&#8221;yes&#8221; css_animation=&#8221;fadeIn&#8221;][vc_column width=&#8221;1\/4&#8243; css=&#8221;.vc_custom_1707750358202{margin-right: 0px !important;margin-left: 0px !important;padding-right: 0px !important;padding-left: 0px !important;background-color: #eaf6fb !important;}&#8221;][vc_row_inner css=&#8221;.vc_custom_1707750376859{margin-top: -250px !important;padding-right: 0px !important;padding-left: 0px !important;}&#8221;][vc_column_inner]<div class=\"qodef-shortcode qodef-m  qodef-single-image qodef-layout--default   qodef-border-radius--enabled qodef-border-radius-position--top-right-bottom-left\" style=\"--qode-border-radius: 100px;--qode-border-radius-mobile: 100px\">\n\t\t\t<div class=\"qodef-m-image\">\n\t\t\t\t\t\t\t\t<img loading=\"lazy\" decoding=\"async\" width=\"650\" height=\"650\" src=\"https:\/\/holis-avocats.com\/wp-content\/uploads\/2024\/01\/20231222-Holis-avocats-portraits-00713-FULL-min-650x650.jpg\" class=\"attachment-onegoal_core_image_size_square size-onegoal_core_image_size_square\" alt=\"\" srcset=\"https:\/\/holis-avocats.com\/wp-content\/uploads\/2024\/01\/20231222-Holis-avocats-portraits-00713-FULL-min-650x650.jpg 650w, https:\/\/holis-avocats.com\/wp-content\/uploads\/2024\/01\/20231222-Holis-avocats-portraits-00713-FULL-min-150x150.jpg 150w, https:\/\/holis-avocats.com\/wp-content\/uploads\/2024\/01\/20231222-Holis-avocats-portraits-00713-FULL-min-1300x1300.jpg 1300w\" sizes=\"auto, (max-width: 650px) 100vw, 650px\" \/>\t\t\t\t\t\t\t<\/div>\n\t<\/div>\n[\/vc_column_inner][\/vc_row_inner][vc_row_inner css=&#8221;.vc_custom_1707750382690{margin-top: -100px !important;margin-right: 0px !important;margin-left: 0px !important;padding-top: 120px !important;padding-right: 0px !important;padding-bottom: 100px !important;padding-left: 20px !important;}&#8221;][vc_column_inner css=&#8221;.vc_custom_1707146272358{padding-right: 10% !important;padding-left: 15% !important;}&#8221;][\/vc_column_inner][\/vc_row_inner][\/vc_column][vc_column width=&#8221;3\/4&#8243; css=&#8221;.vc_custom_1707144748086{padding-left: 50px !important;}&#8221;][vc_row_inner css=&#8221;.vc_custom_1707406304245{margin-top: -147px !important;margin-right: 130px !important;margin-bottom: 50px !important;margin-left: -50px !important;padding-left: 35px !important;background-color: #eaf6fb !important;}&#8221; el_class=&#8221;titre_expertise&#8221;][vc_column_inner][vc_column_text]<strong><span style=\"color: #90d4eb;\">holis <\/span><\/strong>&#8211; avocats[\/vc_column_text][\/vc_column_inner][\/vc_row_inner]<div class=\"qodef-shortcode qodef-m  qodef-separator clear qodef-position--left \">\n\t<div class=\"qodef-m-line\" style=\"border-color: #04406d;border-style: solid;width: 40%;border-bottom-width: 2px;margin-bottom: 50px\"><\/div>\n<\/div>\n[vc_column_text el_class=&#8221;practices&#8221;]This site, accessible from the URL address &#8220;https:\/\/holis-avocats.com&#8221; (referred to as the &#8220;Website&#8221;), is published by HOLIS AVOCATS AARPI, a Paris bar association, located at 65, avenue Marceau &#8211; 75116 Paris, registered with the Paris Trade and Companies Register under no. 982 179 335, (referred to as the &#8220;Firm&#8221;).<\/p>\n<p>&nbsp;<\/p>\n<p><strong><span style=\"color: #90d4eb;\">Editor:<\/span><\/strong><br \/>\n<strong>HOLIS AVOCATS<\/strong><br \/>\nPhone : +33 1 48 24 36 36<br \/>\nAddress: 65, avenue Marceau &#8211; 75116 Paris<br \/>\nMail : contact@holis-avocats.com<br \/>\nEditor: Foulques de Rostolan<\/p>\n<p>&nbsp;<\/p>\n<p><strong><span style=\"color: #90d4eb;\">Host:<\/span><\/strong><br \/>\nIONOS<br \/>\n7, place de la Gare BP 70109 57200 Sarreguemines Cedex<\/p>\n<p>&nbsp;<\/p>\n<h2>OTHER PROVISIONS<\/h2>\n<p>The Website is reserved for the private use of each User.<\/p>\n<p>The Website and the data, information and documents it provides are intended to provide general, non-exhaustive information about the Firm and the legal profession, and may under no circumstances be considered as constituting legal advice.<\/p>\n<p>Each User is solely responsible for the use he or she makes of the information provided on the Website, and the firm cannot be held liable for the use made by anyone of the information published on the site. The Firm does not guarantee that the Web Site will be accessible on a continuous basis.<\/p>\n<p>The customer may have free recourse to a consumer mediator:<br \/>\nCarole Pascarel M\u00e9diateur de la consommation de la profession d\u2019avocat<br \/>\n22 rue de Londres \u2013 75009 Paris<br \/>\nE-mail. mediateur@mediateur-consommation-avocat.fr<br \/>\nWebsite https:\/\/mediateur-consommation-avocat.fr<\/p>\n<p>Pursuant to Articles 13 and 14 of the European General Data Protection Regulation (2016\/679) and Article 32 of the amended French Data Protection Act of January 6, 1978, the Site&#8217;s Publication Director informs you that:<\/p>\n<p>Data protection officer: Foulques de Rostolan, D\u00e9l\u00e9gu\u00e9 \u00e0 la Protection des Donn\u00e9es &#8211; DPO &#8211; 65, avenue Marceau &#8211; 75116 Paris &#8211; France<br \/>\nWhat is protected? All your personal data<br \/>\nWhy? For what purpose? :For the protection of your privacy in the handling of your case, whether legal, judicial or arbitration.<br \/>\nWhere: In a register kept by HOLIS AVOCATS<br \/>\nWhen and until when: Your data is processed and stored by HOLIS AVOCATS, as soon as you contact us, including for the simple purpose of drawing up a quote, requesting information or making an appointment.<br \/>\nThey will only be kept for one year, in the event that the appointment is not kept.<br \/>\nIn all other cases, they will be kept for a period of 5 years from the last legal or judicial act performed by HOLIS AVOCATS.<br \/>\nHow? :by a protected and secure computer system and\/or by protected and secure premises and computer system[\/vc_column_text][\/vc_column][\/vc_row][vc_row][vc_column][vc_empty_space height=&#8221;50px&#8221;][\/vc_column][\/vc_row]<\/p>\n<\/div>","protected":false},"excerpt":{"rendered":"<p>[vc_row full_width=&#8221;stretch_row&#8221; css=&#8221;.vc_custom_1708011356330{padding-top: 25px !important;padding-bottom: 300px !important;background: #90d4eb url(https:\/\/holis-avocats.com\/wp-content\/uploads\/2024\/01\/bg-img.png?id=7737) !important;}&#8221;][vc_column][\/vc_column][\/vc_row][vc_row equal_height=&#8221;yes&#8221; css_animation=&#8221;fadeIn&#8221;][vc_column width=&#8221;1\/4&#8243; css=&#8221;.vc_custom_1707750358202{margin-right: 0px !important;margin-left: 0px !important;padding-right: 0px !important;padding-left: 0px !important;background-color: #eaf6fb !important;}&#8221;][vc_row_inner css=&#8221;.vc_custom_1707750376859{margin-top: -250px !important;padding-right: 0px !important;padding-left: 0px !important;}&#8221;][vc_column_inner][\/vc_column_inner][\/vc_row_inner][vc_row_inner css=&#8221;.vc_custom_1707750382690{margin-top: -100px !important;margin-right: 0px !important;margin-left: 0px !important;padding-top: 120px !important;padding-right: 0px !important;padding-bottom: 100px !important;padding-left: 20px !important;}&#8221;][vc_column_inner css=&#8221;.vc_custom_1707146272358{padding-right: 10% !important;padding-left: 15% !important;}&#8221;][\/vc_column_inner][\/vc_row_inner][\/vc_column][vc_column width=&#8221;3\/4&#8243; css=&#8221;.vc_custom_1707144748086{padding-left: 50px !important;}&#8221;][vc_row_inner [&hellip;]<\/p>\n","protected":false},"author":1,"featured_media":0,"parent":0,"menu_order":0,"comment_status":"closed","ping_status":"closed","template":"","meta":{"footnotes":""},"class_list":["post-9152","page","type-page","status-publish","hentry"],"_links":{"self":[{"href":"https:\/\/holis-avocats.com\/en\/wp-json\/wp\/v2\/pages\/9152","targetHints":{"allow":["GET"]}}],"collection":[{"href":"https:\/\/holis-avocats.com\/en\/wp-json\/wp\/v2\/pages"}],"about":[{"href":"https:\/\/holis-avocats.com\/en\/wp-json\/wp\/v2\/types\/page"}],"author":[{"embeddable":true,"href":"https:\/\/holis-avocats.com\/en\/wp-json\/wp\/v2\/users\/1"}],"replies":[{"embeddable":true,"href":"https:\/\/holis-avocats.com\/en\/wp-json\/wp\/v2\/comments?post=9152"}],"version-history":[{"count":3,"href":"https:\/\/holis-avocats.com\/en\/wp-json\/wp\/v2\/pages\/9152\/revisions"}],"predecessor-version":[{"id":9188,"href":"https:\/\/holis-avocats.com\/en\/wp-json\/wp\/v2\/pages\/9152\/revisions\/9188"}],"wp:attachment":[{"href":"https:\/\/holis-avocats.com\/en\/wp-json\/wp\/v2\/media?parent=9152"}],"curies":[{"name":"wp","href":"https:\/\/api.w.org\/{rel}","templated":true}]}}