{"id":9379,"date":"2025-02-15T16:35:28","date_gmt":"2025-02-15T15:35:28","guid":{"rendered":"https:\/\/holis-avocats.com\/actualites\/"},"modified":"2025-06-04T10:49:03","modified_gmt":"2025-06-04T08:49:03","slug":"actualites","status":"publish","type":"page","link":"https:\/\/holis-avocats.com\/en\/actualites\/","title":{"rendered":"Actualit\u00e9s"},"content":{"rendered":"<div class=\"wpb-content-wrapper\"><p>[vc_row full_width=&#8221;stretch_row&#8221; gap=&#8221;35&#8243; css=&#8221;.vc_custom_1707471208640{padding-top: 100px !important;padding-bottom: 100px !important;background-color: #f9f9f9 !important;}&#8221;][vc_column width=&#8221;1\/3&#8243;]<div class=\"qodef-shortcode qodef-m  qodef-section-title qodef-alignment--left qodef-title-break--disabled\">\n\t\t<div class=\"qodef-m-subtitle\" style=\"color: #90d4eb;margin-bottom: 13px\">\n\t\tholis avocats\t<\/div>\n\t\t<h2 class=\"qodef-m-title\" >\n\t\t\t\t\tNos <span class=\"qodef-m-decorated\">actualit\u00e9s<\/span>\t\t\t<\/h2>\n\t<\/div>\n[\/vc_column][vc_column width=&#8221;2\/3&#8243; css=&#8221;.vc_custom_1739633225798{margin-left: 0px !important;padding-right: 10% !important;padding-left: 0px !important;}&#8221;][vc_column_text css=&#8221;.vc_custom_1739638242535{border-left-width: 3px !important;padding-left: 50px !important;border-left-color: #90d4eb !important;border-left-style: solid !important;border-radius: 2px !important;}&#8221;]Retrouvez ici toutes les actualit\u00e9s du cabinet Holis Avocats : publications, analyses juridiques, distinctions et \u00e9v\u00e9nements marquants.<\/p>\n<p>Suivez nous \u00e9galement sur LinkedIn : <a href=\"https:\/\/www.linkedin.com\/company\/holis-avocats\">Holis Avocats<\/a>[\/vc_column_text][\/vc_column][\/vc_row][vc_row][vc_column width=&#8221;2\/3&#8243;][vc_column_text]<strong>Nos derniers articles<\/strong>[\/vc_column_text]<div class=\"qodef-shortcode qodef-m  qodef-blog qodef-item-layout--simple qodef-border-radius-position--none qodef-grid qodef-layout--masonry  qodef-gutter--medium qodef-vertical-gutter--medium qodef-col-num--2 qodef-item-layout--simple qodef-pagination--on qodef-pagination-type--load-more qodef-responsive--predefined qodef-swiper--show-pagination\" data-options=\"{&quot;plugin&quot;:&quot;onegoal_core&quot;,&quot;module&quot;:&quot;blog\\\/shortcodes&quot;,&quot;shortcode&quot;:&quot;blog-list&quot;,&quot;post_type&quot;:&quot;post&quot;,&quot;next_page&quot;:&quot;2&quot;,&quot;max_pages_num&quot;:1,&quot;behavior&quot;:&quot;masonry&quot;,&quot;images_proportion&quot;:&quot;full&quot;,&quot;columns&quot;:&quot;2&quot;,&quot;columns_responsive&quot;:&quot;predefined&quot;,&quot;columns_1440&quot;:&quot;3&quot;,&quot;columns_1366&quot;:&quot;3&quot;,&quot;columns_1024&quot;:&quot;3&quot;,&quot;columns_768&quot;:&quot;3&quot;,&quot;columns_680&quot;:&quot;3&quot;,&quot;columns_480&quot;:&quot;3&quot;,&quot;space&quot;:&quot;medium&quot;,&quot;vertical_space&quot;:&quot;medium&quot;,&quot;parallax_item&quot;:&quot;no&quot;,&quot;slider_pagination_type&quot;:&quot;bullets&quot;,&quot;posts_per_page&quot;:&quot;9&quot;,&quot;orderby&quot;:&quot;date&quot;,&quot;order&quot;:&quot;DESC&quot;,&quot;layout&quot;:&quot;simple&quot;,&quot;title_tag&quot;:&quot;h4&quot;,&quot;text_transform&quot;:&quot;inherit&quot;,&quot;image_border_radius_position&quot;:&quot;none&quot;,&quot;pagination_type&quot;:&quot;load-more&quot;,&quot;object_class_name&quot;:&quot;OneGoalCore_Blog_List_Shortcode&quot;,&quot;taxonomy_filter&quot;:&quot;category&quot;,&quot;space_value&quot;:40}\">\n\t\t<div class=\"qodef-grid-inner\">\n\t\t\t<div class=\"qodef-grid-masonry-sizer\"><\/div>\n<article class=\"qodef-e qodef-blog-item qodef-grid-item  post-9448 post type-post status-publish format-standard has-post-thumbnail hentry category-vie-du-cabinet-en tag-arrivee-en\">\n\t<div class=\"qodef-e-inner\">\n\t\t<div class=\"qodef-e-media\">\n\t\t<div class=\"qodef-e-media-image\">\n\t\t<a itemprop=\"url\" href=\"https:\/\/holis-avocats.com\/en\/holis-avocats-continues-to-grow-with-the-arrival-of-caroline-merle-and-bertrand-castex\/\">\n\t\t\t<img loading=\"lazy\" decoding=\"async\" width=\"1200\" height=\"627\" src=\"https:\/\/holis-avocats.com\/wp-content\/uploads\/2025\/06\/Arrivee-Merle-Castex-LinkedIn.png\" class=\"attachment-full size-full wp-post-image\" alt=\"\" srcset=\"https:\/\/holis-avocats.com\/wp-content\/uploads\/2025\/06\/Arrivee-Merle-Castex-LinkedIn.png 1200w, https:\/\/holis-avocats.com\/wp-content\/uploads\/2025\/06\/Arrivee-Merle-Castex-LinkedIn-300x157.png 300w, https:\/\/holis-avocats.com\/wp-content\/uploads\/2025\/06\/Arrivee-Merle-Castex-LinkedIn-1024x535.png 1024w, https:\/\/holis-avocats.com\/wp-content\/uploads\/2025\/06\/Arrivee-Merle-Castex-LinkedIn-768x401.png 768w\" sizes=\"auto, (max-width: 1200px) 100vw, 1200px\" \/>\t\t<\/a>\n\t<\/div>\n<\/div>\n\t\t<div class=\"qodef-e-content\">\n            <div class=\"qodef-e-info\">\n                <div class=\"qodef-e-categories\">\n    <a href=\"https:\/\/holis-avocats.com\/en\/category\/vie-du-cabinet-en\/\" rel=\"tag\">Vie du cabinet<\/a><\/div>\n<a itemprop=\"dateCreated\" href=\"https:\/\/holis-avocats.com\/en\/2025\/06\/\" class=\"entry-date \">\n\t13 June 2025<\/a><div class=\"qodef-info-separator-end\"><\/div>\n            <\/div>\n            <div class=\"qodef-e-text\">\n                <h4 itemprop=\"name\" class=\"qodef-e-title entry-title\" style=\"text-transform: inherit\">\n\t<a itemprop=\"url\" class=\"qodef-e-title-link\" href=\"https:\/\/holis-avocats.com\/en\/holis-avocats-continues-to-grow-with-the-arrival-of-caroline-merle-and-bertrand-castex\/\">\n\t\t<span class=\"qodef-e-title-text\">Holis Avocats continues to grow with the arrival of Caroline Merle and Bertrand Castex<\/span>\n        <span class=\"qodef-e-arrow-holder\"><svg class=\"qodef-svg--arrow-top-right\" xmlns=\"http:\/\/www.w3.org\/2000\/svg\" width=\"10\" height=\"10\" viewBox=\"0 0 10.00 10.00\"><path d=\"M1.018 10.009 0 8.991l7.569-7.582H1.723L1.737 0h8.26v8.274H8.574l.013-5.847Z\"\/><path d=\"M1.018 10.009 0 8.991l7.569-7.582H1.723L1.737 0h8.26v8.274H8.574l.013-5.847Z\"\/><\/svg><\/span>\n\t<\/a>\n<\/h4>\n            <\/div>\n\t\t<\/div>\n\t<\/div>\n<\/article>\n\t<\/div>\n\t<\/div>\n[\/vc_column][vc_column width=&#8221;1\/3&#8243;][vc_column_text]<strong>Nos derniers posts LinkedIn<\/strong>[\/vc_column_text][vc_tta_pageable no_fill_content_area=&#8221;true&#8221; autoplay=&#8221;5&#8243; active_section=&#8221;1&#8243;][vc_tta_section title=&#8221;02\/06&#8243; tab_id=&#8221;1749026744781-9b9563f0-1905&#8243;][vc_raw_html]JTNDaWZyYW1lJTIwc3JjJTNEJTIyaHR0cHMlM0ElMkYlMkZ3d3cubGlua2VkaW4uY29tJTJGZW1iZWQlMkZmZWVkJTJGdXBkYXRlJTJGdXJuJTNBbGklM0FzaGFyZSUzQTczMzUyMjk3MDk5MzAxNTE5MzYlM0Zjb2xsYXBzZWQlM0QxJTIyJTIwaGVpZ2h0JTNEJTIyNjI3JTIyJTIwd2lkdGglM0QlMjI1MDQlMjIlMjBmcmFtZWJvcmRlciUzRCUyMjAlMjIlMjBhbGxvd2Z1bGxzY3JlZW4lM0QlMjIlMjIlMjB0aXRsZSUzRCUyMlBvc3QlMjBpbnQlQzMlQTlnciVDMyVBOSUyMiUzRSUzQyUyRmlmcmFtZSUzRQ==[\/vc_raw_html][\/vc_tta_section][vc_tta_section title=&#8221;01\/04&#8243; tab_id=&#8221;1749026854027-2a5b626e-b917&#8243;][vc_raw_html]JTNDaWZyYW1lJTIwc3JjJTNEJTIyaHR0cHMlM0ElMkYlMkZ3d3cubGlua2VkaW4uY29tJTJGZW1iZWQlMkZmZWVkJTJGdXBkYXRlJTJGdXJuJTNBbGklM0FzaGFyZSUzQTczMTM0NjcxOTg1MDM1OTE5MzglM0Zjb2xsYXBzZWQlM0QxJTIyJTIwaGVpZ2h0JTNEJTIyNjcxJTIyJTIwd2lkdGglM0QlMjI1MDQlMjIlMjBmcmFtZWJvcmRlciUzRCUyMjAlMjIlMjBhbGxvd2Z1bGxzY3JlZW4lM0QlMjIlMjIlMjB0aXRsZSUzRCUyMlBvc3QlMjBpbnQlQzMlQTlnciVDMyVBOSUyMiUzRSUzQyUyRmlmcmFtZSUzRQ==[\/vc_raw_html][\/vc_tta_section][vc_tta_section title=&#8221;17\/02&#8243; tab_id=&#8221;1739814229074-219688c2-151c&#8221;][vc_raw_html]JTNDaWZyYW1lJTIwc3JjJTNEJTIyaHR0cHMlM0ElMkYlMkZ3d3cubGlua2VkaW4uY29tJTJGZW1iZWQlMkZmZWVkJTJGdXBkYXRlJTJGdXJuJTNBbGklM0FzaGFyZSUzQTcyOTczMDk0MzY0OTczNTA2NTglMjIlMjBoZWlnaHQlM0QlMjI4MDIlMjIlMjB3aWR0aCUzRCUyMjUwNCUyMiUyMGZyYW1lYm9yZGVyJTNEJTIyMCUyMiUyMGFsbG93ZnVsbHNjcmVlbiUzRCUyMiUyMiUyMHRpdGxlJTNEJTIyUG9zdCUyMGludCVDMyVBOWdyJUMzJUE5JTIyJTNFJTNDJTJGaWZyYW1lJTNF[\/vc_raw_html][\/vc_tta_section][vc_tta_section title=&#8221;15\/01&#8243; tab_id=&#8221;1739637406950-07f4f9be-37f6&#8243;][vc_raw_html]JTNDaWZyYW1lJTIwc3JjJTNEJTIyaHR0cHMlM0ElMkYlMkZ3d3cubGlua2VkaW4uY29tJTJGZW1iZWQlMkZmZWVkJTJGdXBkYXRlJTJGdXJuJTNBbGklM0FzaGFyZSUzQTcyODU2MTU4Njk1MjE0ODE3MjklMjIlMjBoZWlnaHQlM0QlMjI4MDYlMjIlMjB3aWR0aCUzRCUyMjUwNCUyMiUyMGZyYW1lYm9yZGVyJTNEJTIyMCUyMiUyMGFsbG93ZnVsbHNjcmVlbiUzRCUyMiUyMiUyMHRpdGxlJTNEJTIyUG9zdCUyMGludCVDMyVBOWdyJUMzJUE5JTIyJTNFJTNDJTJGaWZyYW1lJTNF[\/vc_raw_html][\/vc_tta_section][\/vc_tta_pageable][\/vc_column][\/vc_row]<\/p>\n<\/div>","protected":false},"excerpt":{"rendered":"<p>[vc_row full_width=&#8221;stretch_row&#8221; gap=&#8221;35&#8243; css=&#8221;.vc_custom_1707471208640{padding-top: 100px !important;padding-bottom: 100px !important;background-color: #f9f9f9 !important;}&#8221;][vc_column width=&#8221;1\/3&#8243;][\/vc_column][vc_column width=&#8221;2\/3&#8243; css=&#8221;.vc_custom_1739633225798{margin-left: 0px !important;padding-right: 10% !important;padding-left: 0px !important;}&#8221;][vc_column_text css=&#8221;.vc_custom_1739638242535{border-left-width: 3px !important;padding-left: 50px !important;border-left-color: #90d4eb !important;border-left-style: solid !important;border-radius: 2px !important;}&#8221;]Retrouvez ici toutes les actualit\u00e9s du cabinet Holis Avocats : publications, analyses juridiques, distinctions et \u00e9v\u00e9nements marquants. Suivez nous \u00e9galement sur LinkedIn : Holis Avocats[\/vc_column_text][\/vc_column][\/vc_row][vc_row][vc_column width=&#8221;2\/3&#8243;][vc_column_text]Nos [&hellip;]<\/p>\n","protected":false},"author":1,"featured_media":0,"parent":0,"menu_order":0,"comment_status":"closed","ping_status":"closed","template":"","meta":{"footnotes":""},"class_list":["post-9379","page","type-page","status-publish","hentry"],"_links":{"self":[{"href":"https:\/\/holis-avocats.com\/en\/wp-json\/wp\/v2\/pages\/9379","targetHints":{"allow":["GET"]}}],"collection":[{"href":"https:\/\/holis-avocats.com\/en\/wp-json\/wp\/v2\/pages"}],"about":[{"href":"https:\/\/holis-avocats.com\/en\/wp-json\/wp\/v2\/types\/page"}],"author":[{"embeddable":true,"href":"https:\/\/holis-avocats.com\/en\/wp-json\/wp\/v2\/users\/1"}],"replies":[{"embeddable":true,"href":"https:\/\/holis-avocats.com\/en\/wp-json\/wp\/v2\/comments?post=9379"}],"version-history":[{"count":2,"href":"https:\/\/holis-avocats.com\/en\/wp-json\/wp\/v2\/pages\/9379\/revisions"}],"predecessor-version":[{"id":9443,"href":"https:\/\/holis-avocats.com\/en\/wp-json\/wp\/v2\/pages\/9379\/revisions\/9443"}],"wp:attachment":[{"href":"https:\/\/holis-avocats.com\/en\/wp-json\/wp\/v2\/media?parent=9379"}],"curies":[{"name":"wp","href":"https:\/\/api.w.org\/{rel}","templated":true}]}}